{"id":4523,"date":"2015-10-19T04:23:53","date_gmt":"2015-10-19T04:23:53","guid":{"rendered":"https:\/\/educationwp.thimpress.com\/?page_id=12"},"modified":"2022-01-23T13:01:05","modified_gmt":"2022-01-23T13:01:05","slug":"home","status":"publish","type":"page","link":"https:\/\/detourproject.eu\/lms-slo\/","title":{"rendered":"Home"},"content":{"rendered":"<p>[vc_row full_width=&#8221;stretch_row_content_no_spaces&#8221;][vc_column][rev_slider_vc alias=&#8221;home-page&#8221;][\/vc_column][\/vc_row][vc_row el_class=&#8221;thim-best-industry&#8221; css=&#8221;.vc_custom_1620291152566{margin-right: -2px !important;margin-left: -2px !important;}&#8221;][vc_column css=&#8221;.vc_custom_1620291142283{margin-bottom: 30px !important;padding-right: 10px !important;padding-left: 10px !important;}&#8221;]<div class=\"thim-widget-icon-box template-base\"><div class=\"wrapper-box-icon has_custom_image has_read_more text-center overlay \"   data-text-readmore=\"#ffb606\"><div class=\"smicon-box iconbox-left\"><div class=\"boxes-icon\" style=\"width: 135px;\"><span class=\"inner-icon\"><span class=\"icon icon-images\"><img src=\"https:\/\/detourproject.eu\/lms-slo\/wp-content\/uploads\/2015\/10\/logo-top-2.png\" alt=\"logo-top-2\" title=\"logo-top-2\"  width=\"66\" height=\"51\"><\/span><\/span><\/div><div class=\"content-inner\"  style=\"width: calc( 100% - 135px - 15px);\"><div class=\"sc-heading article_heading\"><h2 class = \"heading__primary\" style=\"color: #ffffff;\">Preprosto POJDI NA TE\u010cAJ, da se za\u010dne\u0161 u\u010diti zdaj!<\/h2><\/div><a class=\"smicon-read sc-btn\" target=\"_self\" href=\"https:\/\/detourproject.eu\/lms-slo\/courses\/detour\/spletno-usposabljanje\/\"  style=\"color: #ffb606;\" >Za\u010dnite spletni te\u010daj<i class=\"fa fa-chevron-right\"><\/i><\/a><\/div><\/div><!--end smicon-box--><\/div><\/div>[\/vc_column][\/vc_row][vc_row css=&#8221;.vc_custom_1471791722105{margin-bottom: 100px !important;}&#8221;][vc_column]<div class=\"thim-widget-heading template-base\"><div class=\"sc_heading   text-left\"><h3 class=\"title\">Kaj je vklju\u010deno?<\/h3><span style=\"background-color:#dd9933\" class=\"line\"><\/span><\/div><\/div>[vc_row_inner][vc_column_inner width=&#8221;1\/3&#8243;][vc_column_text]<\/p>\n<ul>\n<li>\n<h4><span class=\"VIiyi\" lang=\"sl\"><span class=\"JLqJ4b ChMk0b\" data-language-for-alternatives=\"sl\" data-language-to-translate-into=\"en\" data-phrase-index=\"0\" data-number-of-phrases=\"9\">9 modulov<\/span><\/span><\/h4>\n<\/li>\n<li>\n<h4><span class=\"VIiyi\" lang=\"sl\"><span class=\"JLqJ4b ChMk0b\" data-language-for-alternatives=\"sl\" data-language-to-translate-into=\"en\" data-phrase-index=\"2\" data-number-of-phrases=\"9\">9 Uvodni razdelki in kratki povzetki<\/span><\/span><\/h4>\n<\/li>\n<li>\n<h4><span class=\"VIiyi\" lang=\"sl\"><span class=\"JLqJ4b ChMk0b\" data-language-for-alternatives=\"sl\" data-language-to-translate-into=\"en\" data-phrase-index=\"4\" data-number-of-phrases=\"9\">Izkopajte globlje odseke v vsakem modulu<\/span><\/span><\/h4>\n<\/li>\n<li>\n<h4><span class=\"VIiyi\" lang=\"sl\"><span class=\"JLqJ4b ChMk0b\" data-language-for-alternatives=\"sl\" data-language-to-translate-into=\"en\" data-phrase-index=\"6\" data-number-of-phrases=\"9\">Navdihujo\u010de \u0161tudije primerov<\/span><\/span><\/h4>\n<\/li>\n<li>\n<h4><span class=\"VIiyi\" lang=\"sl\"><span class=\"JLqJ4b ChMk0b\" data-language-for-alternatives=\"sl\" data-language-to-translate-into=\"en\" data-phrase-index=\"8\" data-number-of-phrases=\"9\">Dodatni viri, vklju\u010dno z ve\u010dpredstavnostnimi vsebinami<\/span><\/span><\/h4>\n<\/li>\n<\/ul>\n<p>[\/vc_column_text][\/vc_column_inner][vc_column_inner width=&#8221;1\/3&#8243;][vc_column_text]<\/p>\n<h3 class=\"J0lOec\"><span class=\"VIiyi\" lang=\"sl\"><span class=\"JLqJ4b ChMk0b\" data-language-for-alternatives=\"sl\" data-language-to-translate-into=\"en\" data-phrase-index=\"0\" data-number-of-phrases=\"1\">Potopite se v svetovni turizem dobrega po\u010dutja in poglejte, kako se lahko vklju\u010dite v ta megatrend!<\/span><\/span><\/h3>\n<div class=\"J0lOec\"><span class=\"VIiyi\" lang=\"sl\"><span class=\"JLqJ4b ChMk0b\" data-language-for-alternatives=\"sl\" data-language-to-translate-into=\"en\" data-phrase-index=\"0\" data-number-of-phrases=\"1\">V okviru DETOUR Massive Open Online Course boste raz\u0161irili svoje znanje na podro\u010dju turizma in natan\u010dneje turizma dobrega po\u010dutja ter se nau\u010dili, kako lahko ta sektor izkoristite na inovativne in vznemirljive na\u010dine.<\/span><\/span><\/div>\n<p>[\/vc_column_text][\/vc_column_inner][vc_column_inner width=&#8221;1\/3&#8243;][vc_column_text]<\/p>\n<h3 class=\"J0lOec\"><span class=\"VIiyi\" lang=\"sl\"><span class=\"JLqJ4b ChMk0b\" data-language-for-alternatives=\"sl\" data-language-to-translate-into=\"en\" data-phrase-index=\"0\" data-number-of-phrases=\"1\">Vklju\u010dite svojo ciljno publiko.<\/span><\/span><\/h3>\n<div class=\"J0lOec\"><span class=\"VIiyi\" lang=\"sl\"><span class=\"JLqJ4b ChMk0b\" data-language-for-alternatives=\"sl\" data-language-to-translate-into=\"en\" data-phrase-index=\"0\" data-number-of-phrases=\"3\">Ne glede na to, ali ste turisti\u010dni posel, organizacija za podporo podjetni\u0161tvu ali akter v regionalnem razvoju, ima ta te\u010daj nekaj, kar bo na mestu.<\/span> <span class=\"JLqJ4b ChMk0b\" data-language-for-alternatives=\"sl\" data-language-to-translate-into=\"en\" data-phrase-index=\"1\" data-number-of-phrases=\"3\">Kaj \u010daka\u0161?<\/span> <span class=\"JLqJ4b ChMk0b\" data-language-for-alternatives=\"sl\" data-language-to-translate-into=\"en\" data-phrase-index=\"2\" data-number-of-phrases=\"3\">Za\u010dni zdaj!<\/span><\/span><\/div>\n<p>[\/vc_column_text][\/vc_column_inner][\/vc_row_inner][\/vc_column][\/vc_row][vc_row full_width=&#8221;stretch_row&#8221; content_placement=&#8221;bottom&#8221; parallax=&#8221;content-moving&#8221; parallax_image=&#8221;11890&#8243; parallax_speed_bg=&#8221;1.3&#8243; css=&#8221;.vc_custom_1628845035678{padding-top: 60px !important;padding-bottom: 150px !important;}&#8221;][vc_column][vc_row_inner][vc_column_inner]<div class=\"thim-widget-heading template-base\"><div class=\"sc_heading   text-center\"><h3 style=\"text-transform: uppercase;color:#ffffff;\" class=\"title\">Za\u010dnite spletni te\u010daj \u017ee danes<\/h3><p class=\"sub-heading\" style=\"color:#ffffff;\">Turizem in dobro po\u010dutje sta klju\u010dnega pomena za vsakdanje \u017eivljenje mnogih ljudi, ne glede na to, ali ste navdu\u0161en raziskovalec, samo strasten lokalni ali aktivni turisti\u010dni posel. Ta te\u010daj vam bo pomagal odkriti nove in inovativne na\u010dine za pristop k va\u0161emu tr\u017eenju, razvoju podjetja in dodajanju teh dodatnih dotiki, ki vas postavljajo na vrh va\u0161e igre! Z inovativnim, prilagodljivim in majhnim pristopom k spletnemu u\u010denju vas bomo usmerili v pravo smer.<\/p><\/div><\/div>[\/vc_column_inner][\/vc_row_inner][vc_btn title=&#8221;Za\u010dnite s spletnim te\u010dajem&#8221; color=&#8221;black&#8221; size=&#8221;lg&#8221; align=&#8221;center&#8221; i_icon_fontawesome=&#8221;fas fa-chalkboard-teacher&#8221; add_icon=&#8221;true&#8221; link=&#8221;url:https%3A%2F%2Fdetourproject.eu%2Flms-slo%2Fcourses%2Fdetour%2Fspletno-usposabljanje%2F&#8221;][\/vc_column][\/vc_row]<\/p>\n","protected":false},"excerpt":{"rendered":"<p>[vc_row full_width=&#8221;stretch_row_content_no_spaces&#8221;][vc_column][rev_slider_vc alias=&#8221;home-page&#8221;][\/vc_column][\/vc_row][vc_row el_class=&#8221;thim-best-industry&#8221; css=&#8221;.vc_custom_1620291152566{margin-right: -2px !important;margin-left: -2px !important;}&#8221;][vc_column css=&#8221;.vc_custom_1620291142283{margin-bottom: 30px !important;padding-right: 10px !important;padding-left: 10px !important;}&#8221;][\/vc_column][\/vc_row][vc_row css=&#8221;.vc_custom_1471791722105{margin-bottom: 100px !important;}&#8221;][vc_column][vc_row_inner][vc_column_inner width=&#8221;1\/3&#8243;][vc_column_text] 9 modulov 9 Uvodni razdelki in kratki povzetki Izkopajte globlje odseke v vsakem modulu Navdihujo\u010de \u0161tudije primerov Dodatni viri, vklju\u010dno &hellip; <\/p>\n","protected":false},"author":2,"featured_media":0,"parent":0,"menu_order":0,"comment_status":"closed","ping_status":"closed","template":"page-templates\/homepage.php","meta":{"pmpro_default_level":0},"_links":{"self":[{"href":"https:\/\/detourproject.eu\/lms-slo\/wp-json\/wp\/v2\/pages\/4523"}],"collection":[{"href":"https:\/\/detourproject.eu\/lms-slo\/wp-json\/wp\/v2\/pages"}],"about":[{"href":"https:\/\/detourproject.eu\/lms-slo\/wp-json\/wp\/v2\/types\/page"}],"author":[{"embeddable":true,"href":"https:\/\/detourproject.eu\/lms-slo\/wp-json\/wp\/v2\/users\/2"}],"replies":[{"embeddable":true,"href":"https:\/\/detourproject.eu\/lms-slo\/wp-json\/wp\/v2\/comments?post=4523"}],"version-history":[{"count":33,"href":"https:\/\/detourproject.eu\/lms-slo\/wp-json\/wp\/v2\/pages\/4523\/revisions"}],"predecessor-version":[{"id":13348,"href":"https:\/\/detourproject.eu\/lms-slo\/wp-json\/wp\/v2\/pages\/4523\/revisions\/13348"}],"wp:attachment":[{"href":"https:\/\/detourproject.eu\/lms-slo\/wp-json\/wp\/v2\/media?parent=4523"}],"curies":[{"name":"wp","href":"https:\/\/api.w.org\/{rel}","templated":true}]}}