{"id":4523,"date":"2015-10-19T04:23:53","date_gmt":"2015-10-19T04:23:53","guid":{"rendered":"https:\/\/educationwp.thimpress.com\/?page_id=12"},"modified":"2022-01-23T13:14:46","modified_gmt":"2022-01-23T13:14:46","slug":"home","status":"publish","type":"page","link":"https:\/\/detourproject.eu\/lms-pt\/","title":{"rendered":"Home"},"content":{"rendered":"<p>[vc_row full_width=&#8221;stretch_row_content_no_spaces&#8221;][vc_column][rev_slider_vc alias=&#8221;home-page&#8221;][\/vc_column][\/vc_row][vc_row el_class=&#8221;thim-best-industry&#8221; css=&#8221;.vc_custom_1620291152566{margin-right: -2px !important;margin-left: -2px !important;}&#8221;][vc_column css=&#8221;.vc_custom_1620291142283{margin-bottom: 30px !important;padding-right: 10px !important;padding-left: 10px !important;}&#8221;]<div class=\"thim-widget-icon-box template-base\"><div class=\"wrapper-box-icon has_custom_image has_read_more text-center overlay \"   data-text-readmore=\"#ffb606\"><div class=\"smicon-box iconbox-left\"><div class=\"boxes-icon\" style=\"width: 135px;\"><span class=\"inner-icon\"><span class=\"icon icon-images\"><img src=\"https:\/\/detourproject.eu\/lms-pt\/wp-content\/uploads\/2015\/10\/logo-top-2.png\" alt=\"logo-top-2\" title=\"logo-top-2\"  width=\"66\" height=\"51\"><\/span><\/span><\/div><div class=\"content-inner\"  style=\"width: calc( 100% - 135px - 15px);\"><div class=\"sc-heading article_heading\"><h2 class = \"heading__primary\" style=\"color: #ffffff;\">Basta ir para o curso para come\u00e7ar a aprender agora!<\/h2><\/div><a class=\"smicon-read sc-btn\" target=\"_self\" href=\"https:\/\/detourproject.eu\/lms-pt\/courses\/detour\/treinamento-online\/\"  style=\"color: #ffb606;\" >Inicie o Curso Online<i class=\"fa fa-chevron-right\"><\/i><\/a><\/div><\/div><!--end smicon-box--><\/div><\/div>[\/vc_column][\/vc_row][vc_row css=&#8221;.vc_custom_1471791722105{margin-bottom: 100px !important;}&#8221;][vc_column]<div class=\"thim-widget-heading template-base\"><div class=\"sc_heading   text-left\"><h3 class=\"title\">O que est\u00e1 inclu\u00eddo?<\/h3><span style=\"background-color:#dd9933\" class=\"line\"><\/span><\/div><\/div>[vc_row_inner][vc_column_inner width=&#8221;1\/3&#8243;][vc_column_text]<\/p>\n<ul>\n<li>\n<h4><span class=\"VIiyi\" lang=\"pt\"><span class=\"JLqJ4b ChMk0b\" data-language-for-alternatives=\"pt\" data-language-to-translate-into=\"en\" data-phrase-index=\"0\" data-number-of-phrases=\"9\">9 M\u00f3dulos<\/span><\/span><\/h4>\n<\/li>\n<li>\n<h4><span class=\"VIiyi\" lang=\"pt\"><span class=\"JLqJ4b ChMk0b\" data-language-for-alternatives=\"pt\" data-language-to-translate-into=\"en\" data-phrase-index=\"2\" data-number-of-phrases=\"9\">9 se\u00e7\u00f5es introdut\u00f3rias e resumos r\u00e1pidos<\/span><\/span><\/h4>\n<\/li>\n<li>\n<h4><span class=\"VIiyi\" lang=\"pt\"><span class=\"JLqJ4b ChMk0b\" data-language-for-alternatives=\"pt\" data-language-to-translate-into=\"en\" data-phrase-index=\"4\" data-number-of-phrases=\"9\">Cave se\u00e7\u00f5es mais profundas em cada m\u00f3dulo<\/span><\/span><\/h4>\n<\/li>\n<li>\n<h4><span class=\"VIiyi\" lang=\"pt\"><span class=\"JLqJ4b ChMk0b\" data-language-for-alternatives=\"pt\" data-language-to-translate-into=\"en\" data-phrase-index=\"6\" data-number-of-phrases=\"9\">Estudos de caso inspiradores<\/span> <span class=\"JLqJ4b ChMk0b\" data-language-for-alternatives=\"pt\" data-language-to-translate-into=\"en\" data-phrase-index=\"8\" data-number-of-phrases=\"9\">Recursos adicionais, incluindo conte\u00fado multim\u00eddia<\/span><\/span><\/h4>\n<\/li>\n<\/ul>\n<p>[\/vc_column_text][\/vc_column_inner][vc_column_inner width=&#8221;1\/3&#8243;][vc_column_text]<\/p>\n<h3 class=\"J0lOec\"><span class=\"VIiyi\" lang=\"pt\"><span class=\"JLqJ4b ChMk0b\" data-language-for-alternatives=\"pt\" data-language-to-translate-into=\"en\" data-phrase-index=\"0\" data-number-of-phrases=\"1\">Mergulhe no turismo mundial de bem-estar e veja como voc\u00ea pode se envolver nessa megatend\u00eancia!<\/span><\/span><\/h3>\n<div class=\"J0lOec\"><span class=\"VIiyi\" lang=\"pt\"><span class=\"JLqJ4b ChMk0b\" data-language-for-alternatives=\"pt\" data-language-to-translate-into=\"en\" data-phrase-index=\"0\" data-number-of-phrases=\"1\">Dentro do Curso Online Aberto Massivo DETOUR ir\u00e1 expandir os seus conhecimentos em torno da \u00e1rea do turismo e, mais especificamente, do turismo de bem-estar, aprendendo como pode capitalizar este setor de formas inovadoras e emocionantes.<\/span><\/span><\/div>\n<p>[\/vc_column_text][\/vc_column_inner][vc_column_inner width=&#8221;1\/3&#8243;][vc_column_text]<\/p>\n<h3 class=\"J0lOec\"><span class=\"VIiyi\" lang=\"pt\"><span class=\"JLqJ4b ChMk0b\" data-language-for-alternatives=\"pt\" data-language-to-translate-into=\"en\" data-phrase-index=\"0\" data-number-of-phrases=\"1\">Engajando seu p\u00fablico-alvo.<\/span><\/span><\/h3>\n<div class=\"J0lOec\"><span class=\"VIiyi\" lang=\"pt\"><span class=\"JLqJ4b ChMk0b\" data-language-for-alternatives=\"pt\" data-language-to-translate-into=\"en\" data-phrase-index=\"0\" data-number-of-phrases=\"3\">N\u00e3o importa se voc\u00ea \u00e9 uma empresa de turismo, uma organiza\u00e7\u00e3o de apoio \u00e0s empresas ou um ator de desenvolvimento regional, este curso tem algo que vai acertar.<\/span> <span class=\"JLqJ4b ChMk0b\" data-language-for-alternatives=\"pt\" data-language-to-translate-into=\"en\" data-phrase-index=\"1\" data-number-of-phrases=\"3\">O que voc\u00ea est\u00e1 esperando?<\/span> <span class=\"JLqJ4b ChMk0b\" data-language-for-alternatives=\"pt\" data-language-to-translate-into=\"en\" data-phrase-index=\"2\" data-number-of-phrases=\"3\">Comece agora!<\/span><\/span><\/div>\n<p>[\/vc_column_text][\/vc_column_inner][\/vc_row_inner][\/vc_column][\/vc_row][vc_row full_width=&#8221;stretch_row&#8221; content_placement=&#8221;bottom&#8221; parallax=&#8221;content-moving&#8221; parallax_image=&#8221;11890&#8243; parallax_speed_bg=&#8221;1.3&#8243; css=&#8221;.vc_custom_1628845035678{padding-top: 60px !important;padding-bottom: 150px !important;}&#8221;][vc_column][vc_row_inner][vc_column_inner]<div class=\"thim-widget-heading template-base\"><div class=\"sc_heading   text-center\"><h3 style=\"text-transform: uppercase;color:#ffffff;\" class=\"title\">Comece o curso online hoje<\/h3><p class=\"sub-heading\" style=\"color:#ffffff;\">Turismo e bem-estar s\u00e3o vitais para a vida cotidiana de muitas pessoas, seja voc\u00ea um \u00e1vido explorador, apenas um local apaixonado ou um neg\u00f3cio de turismo ativo, este curso o ajudar\u00e1 a descobrir maneiras novas e inovadoras de abordar seu marketing, desenvolvimento de neg\u00f3cios e adicionar outras toques que o colocam no topo do seu jogo! Usando uma abordagem inovadora, flex\u00edvel e pequena para o aprendizado on-line, orientaremos voc\u00ea na dire\u00e7\u00e3o correta.<\/p><\/div><\/div>[\/vc_column_inner][\/vc_row_inner][vc_btn title=&#8221;Inicie o curso on-line&#8221; color=&#8221;black&#8221; size=&#8221;lg&#8221; align=&#8221;center&#8221; i_icon_fontawesome=&#8221;fas fa-chalkboard-teacher&#8221; add_icon=&#8221;true&#8221; link=&#8221;url:https%3A%2F%2Fdetourproject.eu%2Flms-pt%2Fcourses%2Fdetour%2Ftreinamento-online%2F&#8221;][\/vc_column][\/vc_row]<\/p>\n","protected":false},"excerpt":{"rendered":"<p>[vc_row full_width=&#8221;stretch_row_content_no_spaces&#8221;][vc_column][rev_slider_vc alias=&#8221;home-page&#8221;][\/vc_column][\/vc_row][vc_row el_class=&#8221;thim-best-industry&#8221; css=&#8221;.vc_custom_1620291152566{margin-right: -2px !important;margin-left: -2px !important;}&#8221;][vc_column css=&#8221;.vc_custom_1620291142283{margin-bottom: 30px !important;padding-right: 10px !important;padding-left: 10px !important;}&#8221;][\/vc_column][\/vc_row][vc_row css=&#8221;.vc_custom_1471791722105{margin-bottom: 100px !important;}&#8221;][vc_column][vc_row_inner][vc_column_inner width=&#8221;1\/3&#8243;][vc_column_text] 9 M\u00f3dulos 9 se\u00e7\u00f5es introdut\u00f3rias e resumos r\u00e1pidos Cave se\u00e7\u00f5es mais profundas em cada m\u00f3dulo Estudos de caso inspiradores Recursos &hellip; <\/p>\n","protected":false},"author":2,"featured_media":0,"parent":0,"menu_order":0,"comment_status":"closed","ping_status":"closed","template":"page-templates\/homepage.php","meta":{"pmpro_default_level":0},"_links":{"self":[{"href":"https:\/\/detourproject.eu\/lms-pt\/wp-json\/wp\/v2\/pages\/4523"}],"collection":[{"href":"https:\/\/detourproject.eu\/lms-pt\/wp-json\/wp\/v2\/pages"}],"about":[{"href":"https:\/\/detourproject.eu\/lms-pt\/wp-json\/wp\/v2\/types\/page"}],"author":[{"embeddable":true,"href":"https:\/\/detourproject.eu\/lms-pt\/wp-json\/wp\/v2\/users\/2"}],"replies":[{"embeddable":true,"href":"https:\/\/detourproject.eu\/lms-pt\/wp-json\/wp\/v2\/comments?post=4523"}],"version-history":[{"count":33,"href":"https:\/\/detourproject.eu\/lms-pt\/wp-json\/wp\/v2\/pages\/4523\/revisions"}],"predecessor-version":[{"id":12833,"href":"https:\/\/detourproject.eu\/lms-pt\/wp-json\/wp\/v2\/pages\/4523\/revisions\/12833"}],"wp:attachment":[{"href":"https:\/\/detourproject.eu\/lms-pt\/wp-json\/wp\/v2\/media?parent=4523"}],"curies":[{"name":"wp","href":"https:\/\/api.w.org\/{rel}","templated":true}]}}